{"id":793,"date":"2023-10-23T10:20:52","date_gmt":"2023-10-23T08:20:52","guid":{"rendered":"http:\/\/megastock.com.pl\/?post_type=product&#038;p=793"},"modified":"2026-05-02T15:00:38","modified_gmt":"2026-05-02T13:00:38","slug":"galenteria-premieum-marki-outletowe","status":"publish","type":"product","link":"https:\/\/megastock.com.pl\/?product=galenteria-premieum-marki-outletowe","title":{"rendered":"Galenteria premieum marki outletowe"},"content":{"rendered":"<p>Zajmujemy si\u0119 bezpo\u015brednim importem towar\u00f3w z Niemiec \u00a0oraz ich dystrybucj\u0105 na terenie ca\u0142ego kraju. Nasza oferta koncentruje si\u0119 w szczeg\u00f3lno\u015bci na wybranych liniach produkt\u00f3w:<\/p>\n<p>\u2022 skarpety<\/p>\n<p>\u2022 czapki<\/p>\n<p>\u2022 Portfele<\/p>\n<p>\u2022 Paski<\/p>\n<p>\u2022 Saszetki<\/p>\n<p>\u2022 szaliki<\/p>\n<p>\u2022 idt Dzi\u0119ki sprawnej sieci naszych agent\u00f3w handlowych zar\u00f3wno w Polsce naj\u015bmielsze oczekiwania naszych klient\u00f3w. Gwarantujemy rzetelno\u015b\u0107, solidno\u015b\u0107 i terminowo\u015b\u0107 w realizacji zam\u00f3wie\u0144, a tak\u017ce elastyczno\u015b\u0107 w dostosowaniu naszej oferty do indywidualnych potrzeb. minimum 1 paleta 1300-1500 szt s\u0105<\/p>\n<p>podane \u00a0cena netto<\/p>\n<p>ABC WARE<\/p>\n","protected":false},"excerpt":{"rendered":"<p>aksesoria Galenteria premium marki \u015bwiatowe marki<\/p>\n<p>&nbsp;<\/p>\n<p>cena netto 170&#215;21 z\u0142<\/p>\n<p>3570 z\u0142 netto<\/p>\n<p>#cwaretextil<\/p>\n<p>#bwaretextil<\/p>\n<p>#secondhandtextil<\/p>\n<p>#cwareobuwie<\/p>\n<p>#bwareobuwie<\/p>\n<p>#cwarebuty<\/p>\n<p>#bwarebuty<\/p>\n<p>#markowetorebki<\/p>\n<p>#markowezegarek<\/p>\n<p>#markoweaaksesoria<\/p>\n<p>#markowe<\/p>\n<p>#outletowa<\/p>\n<p>#stok<\/p>\n<p>#stock<\/p>\n<p>#hurtownia<\/p>\n","protected":false},"featured_media":609,"comment_status":"open","ping_status":"closed","template":"","meta":{"rank_math_lock_modified_date":false},"product_cat":[35],"product_tag":[54],"class_list":{"0":"post-793","1":"product","2":"type-product","3":"status-publish","4":"has-post-thumbnail","6":"product_cat-akcesoria","7":"product_tag-portfel-paski-czaki-szalik-skarpety-rekawiczka-hurtowniaaksesoria","9":"first","10":"instock","11":"sale","12":"shipping-taxable","13":"purchasable","14":"product-type-simple"},"jetpack_sharing_enabled":true,"_links":{"self":[{"href":"https:\/\/megastock.com.pl\/index.php?rest_route=\/wp\/v2\/product\/793","targetHints":{"allow":["GET"]}}],"collection":[{"href":"https:\/\/megastock.com.pl\/index.php?rest_route=\/wp\/v2\/product"}],"about":[{"href":"https:\/\/megastock.com.pl\/index.php?rest_route=\/wp\/v2\/types\/product"}],"replies":[{"embeddable":true,"href":"https:\/\/megastock.com.pl\/index.php?rest_route=%2Fwp%2Fv2%2Fcomments&post=793"}],"wp:featuredmedia":[{"embeddable":true,"href":"https:\/\/megastock.com.pl\/index.php?rest_route=\/wp\/v2\/media\/609"}],"wp:attachment":[{"href":"https:\/\/megastock.com.pl\/index.php?rest_route=%2Fwp%2Fv2%2Fmedia&parent=793"}],"wp:term":[{"taxonomy":"product_cat","embeddable":true,"href":"https:\/\/megastock.com.pl\/index.php?rest_route=%2Fwp%2Fv2%2Fproduct_cat&post=793"},{"taxonomy":"product_tag","embeddable":true,"href":"https:\/\/megastock.com.pl\/index.php?rest_route=%2Fwp%2Fv2%2Fproduct_tag&post=793"}],"curies":[{"name":"wp","href":"https:\/\/api.w.org\/{rel}","templated":true}]}}