{"id":764,"date":"2023-10-10T09:59:17","date_gmt":"2023-10-10T07:59:17","guid":{"rendered":"http:\/\/megastock.com.pl\/?post_type=product&#038;p=764"},"modified":"2026-05-06T13:09:04","modified_gmt":"2026-05-06T11:09:04","slug":"zabawki-dla-kobieta-najlepsze-marki","status":"publish","type":"product","link":"https:\/\/megastock.com.pl\/?product=zabawki-dla-kobieta-najlepsze-marki","title":{"rendered":"ZABAWKI DLA KOBIETA NAJLEPSZE MARKI"},"content":{"rendered":"<p>wibrator erotyczny dla Kobiety z pe\u0142n\u0105 gwarancj\u0105 i bezpiecze\u0144stwem zakupu w naszym hurtownia . Wszystkie wibratory erotyczne sprzedajemy w zaplombowanych oryginalnych pude\u0142kach producent\u00f3w. Wszystkie nasze wibratory erotyczne wyprodukowane s\u0105 z bezpiecznego silikonu medycznego. Znajd\u017a w naszym hurtownia erotyczny najlepszy wibrator dla dalsze sprzeda\u017c na \u00a0swoje sklepu marki #AMORELIE #LELO<\/p>\n<p>minimum 50 szt mix cena podane netto<\/p>\n<p>&nbsp;<\/p>\n","protected":false},"excerpt":{"rendered":"<p>MINIMUM 50 SZT CENA PODANE NETTO<\/p>\n","protected":false},"featured_media":765,"comment_status":"open","ping_status":"closed","template":"","meta":{"rank_math_lock_modified_date":false},"product_cat":[52],"product_tag":[53],"class_list":{"0":"post-764","1":"product","2":"type-product","3":"status-publish","4":"has-post-thumbnail","6":"product_cat-zdrowie","7":"product_tag-dildohurtowniahurtowniaerotyczne","9":"first","10":"instock","11":"sale","12":"shipping-taxable","13":"purchasable","14":"product-type-simple"},"jetpack_sharing_enabled":true,"_links":{"self":[{"href":"https:\/\/megastock.com.pl\/index.php?rest_route=\/wp\/v2\/product\/764","targetHints":{"allow":["GET"]}}],"collection":[{"href":"https:\/\/megastock.com.pl\/index.php?rest_route=\/wp\/v2\/product"}],"about":[{"href":"https:\/\/megastock.com.pl\/index.php?rest_route=\/wp\/v2\/types\/product"}],"replies":[{"embeddable":true,"href":"https:\/\/megastock.com.pl\/index.php?rest_route=%2Fwp%2Fv2%2Fcomments&post=764"}],"wp:featuredmedia":[{"embeddable":true,"href":"https:\/\/megastock.com.pl\/index.php?rest_route=\/wp\/v2\/media\/765"}],"wp:attachment":[{"href":"https:\/\/megastock.com.pl\/index.php?rest_route=%2Fwp%2Fv2%2Fmedia&parent=764"}],"wp:term":[{"taxonomy":"product_cat","embeddable":true,"href":"https:\/\/megastock.com.pl\/index.php?rest_route=%2Fwp%2Fv2%2Fproduct_cat&post=764"},{"taxonomy":"product_tag","embeddable":true,"href":"https:\/\/megastock.com.pl\/index.php?rest_route=%2Fwp%2Fv2%2Fproduct_tag&post=764"}],"curies":[{"name":"wp","href":"https:\/\/api.w.org\/{rel}","templated":true}]}}