{"id":754,"date":"2023-10-07T13:46:05","date_gmt":"2023-10-07T11:46:05","guid":{"rendered":"http:\/\/megastock.com.pl\/?post_type=product&#038;p=754"},"modified":"2024-10-22T16:37:10","modified_gmt":"2024-10-22T14:37:10","slug":"swiatowe-marki-zegarek-a-ware","status":"publish","type":"product","link":"https:\/\/megastock.com.pl\/?product=swiatowe-marki-zegarek-a-ware","title":{"rendered":"SWIATOWE MARKI ZEGAREK A WARE"},"content":{"rendered":"<p>Tommy Hilfiger zegarki damskie i m\u0119skie VERSUS Versace zegarki damskie i m\u0119skie daniel wellington zegarki damskie i m\u0119skie DKNY zegarki damskie i m\u0119skie *Zdj\u0119cia przyk\u0142adowych modeli w za\u0142\u0105czniku W naszej ofercie Wszystkie produkty nowe, 100% oryginalne z mo\u017cliwo\u015bci\u0105 dalszej odsprzeda\u017cy. Wysy\u0142ka zam\u00f3wienia. MINIMUM 100 SZT<\/p>\n<p>ARMANI<\/p>\n<p>VERSACE<\/p>\n<p>DANIEL WELLINGTON<\/p>\n<p>GUESS<\/p>\n<p>DKNY<\/p>\n<p>MICHAEL KORS<\/p>\n<p>TOMMY HILFINGER<\/p>\n<p>PAKIET TYLKO DROGI MARKI NOWE %100<\/p>\n<p>CENA NETTO<\/p>\n","protected":false},"excerpt":{"rendered":"<p>Tommy Hilfiger zegarki damskie i m\u0119skie VERSUS Versace zegarki damskie i m\u0119skie daniel wellington zegarki damskie i m\u0119skie DKNY zegarki damskie i m\u0119skie *Zdj\u0119cia przyk\u0142adowych modeli w za\u0142\u0105czniku W naszej ofercie Wszystkie produkty nowe, 100% oryginalne z mo\u017cliwo\u015bci\u0105 dalszej odsprzeda\u017cy. Wysy\u0142ka zam\u00f3wienia. MINIMUM 100 SZT&hellip;<\/p>\n","protected":false},"featured_media":755,"comment_status":"open","ping_status":"closed","template":"","meta":{"rank_math_lock_modified_date":false},"product_cat":[25],"product_tag":[51,39],"class_list":{"0":"post-754","1":"product","2":"type-product","3":"status-publish","4":"has-post-thumbnail","6":"product_cat-zegarek","7":"product_tag-armaniguessmichaelkorstommyhilfinger","8":"product_tag-markowe-okulary-zegarki-bizuteria-premium-hurtownia-outlet","10":"first","11":"instock","12":"sale","13":"shipping-taxable","14":"purchasable","15":"product-type-simple"},"jetpack_sharing_enabled":true,"_links":{"self":[{"href":"https:\/\/megastock.com.pl\/index.php?rest_route=\/wp\/v2\/product\/754","targetHints":{"allow":["GET"]}}],"collection":[{"href":"https:\/\/megastock.com.pl\/index.php?rest_route=\/wp\/v2\/product"}],"about":[{"href":"https:\/\/megastock.com.pl\/index.php?rest_route=\/wp\/v2\/types\/product"}],"replies":[{"embeddable":true,"href":"https:\/\/megastock.com.pl\/index.php?rest_route=%2Fwp%2Fv2%2Fcomments&post=754"}],"wp:featuredmedia":[{"embeddable":true,"href":"https:\/\/megastock.com.pl\/index.php?rest_route=\/wp\/v2\/media\/755"}],"wp:attachment":[{"href":"https:\/\/megastock.com.pl\/index.php?rest_route=%2Fwp%2Fv2%2Fmedia&parent=754"}],"wp:term":[{"taxonomy":"product_cat","embeddable":true,"href":"https:\/\/megastock.com.pl\/index.php?rest_route=%2Fwp%2Fv2%2Fproduct_cat&post=754"},{"taxonomy":"product_tag","embeddable":true,"href":"https:\/\/megastock.com.pl\/index.php?rest_route=%2Fwp%2Fv2%2Fproduct_tag&post=754"}],"curies":[{"name":"wp","href":"https:\/\/api.w.org\/{rel}","templated":true}]}}