{"id":692,"date":"2023-09-20T14:26:17","date_gmt":"2023-09-20T12:26:17","guid":{"rendered":"http:\/\/megastock.com.pl\/?post_type=product&#038;p=692"},"modified":"2024-10-22T16:37:58","modified_gmt":"2024-10-22T14:37:58","slug":"oferta-mix-paleta-rtv-soundmaster-klasa-a-b-c","status":"publish","type":"product","link":"https:\/\/megastock.com.pl\/?product=oferta-mix-paleta-rtv-soundmaster-klasa-a-b-c","title":{"rendered":"oferta mix paleta RTV soundmaster.klasa A-B-C"},"content":{"rendered":"<p>OFERTA MIX PALETA RTV SOUNDMASTER 4000 Z\u0141 Oryginalne palety z NIEMIEC . Palety, a w nich RTV, o\u015bwietlenie, A wiec pe\u0142ny przekr\u00f3j z kategorii: przedmioty elektryczne do domu mini wie\u017ca bomboox gramofon radio budzik radio radio internetowy subwoofer itd. PALETA SOUNDMASTER 3500 Z\u0141 KLASA A-B-C CENA NETTO. Sprz\u0119t bez gwarancji<\/p>\n<p>minimum 1 paleta podane cena netto<\/p>\n","protected":false},"excerpt":{"rendered":"<h1 class=\"offerTitle\"><strong class=\"entry-title\"><span class=\"isUrgentTitle\">oferta mix paleta RTV soundmaster.klasa A-B-C<\/span><\/strong><\/h1>\n<p><strong>cena za paleta netto<\/strong><\/p>\n<p>#cwaretextil<\/p>\n<p>#bwaretextil<\/p>\n<p>#secondhandtextil<\/p>\n<p>#cwareobuwie<\/p>\n<p>#bwareobuwie<\/p>\n<p>#cwarebuty<\/p>\n<p>#bwarebuty<\/p>\n<p>#markowetorebki<\/p>\n<p>#markowezegarek<\/p>\n<p>#markoweaaksesoria<\/p>\n<p>#markowe<\/p>\n<p>#outletowa<\/p>\n<p>#stok<\/p>\n<p>#stock<\/p>\n<p>#hurtownia<\/p>\n","protected":false},"featured_media":693,"comment_status":"open","ping_status":"closed","template":"","meta":{"rank_math_lock_modified_date":false},"product_cat":[33],"product_tag":[46],"class_list":{"0":"post-692","1":"product","2":"type-product","3":"status-publish","4":"has-post-thumbnail","6":"product_cat-rtv-agd","7":"product_tag-paletartv-paletazniemiec-paletaagdrtv-paletaretuorware-mixpaleta","9":"first","10":"instock","11":"sale","12":"shipping-taxable","13":"purchasable","14":"product-type-simple"},"jetpack_sharing_enabled":true,"_links":{"self":[{"href":"https:\/\/megastock.com.pl\/index.php?rest_route=\/wp\/v2\/product\/692","targetHints":{"allow":["GET"]}}],"collection":[{"href":"https:\/\/megastock.com.pl\/index.php?rest_route=\/wp\/v2\/product"}],"about":[{"href":"https:\/\/megastock.com.pl\/index.php?rest_route=\/wp\/v2\/types\/product"}],"replies":[{"embeddable":true,"href":"https:\/\/megastock.com.pl\/index.php?rest_route=%2Fwp%2Fv2%2Fcomments&post=692"}],"wp:featuredmedia":[{"embeddable":true,"href":"https:\/\/megastock.com.pl\/index.php?rest_route=\/wp\/v2\/media\/693"}],"wp:attachment":[{"href":"https:\/\/megastock.com.pl\/index.php?rest_route=%2Fwp%2Fv2%2Fmedia&parent=692"}],"wp:term":[{"taxonomy":"product_cat","embeddable":true,"href":"https:\/\/megastock.com.pl\/index.php?rest_route=%2Fwp%2Fv2%2Fproduct_cat&post=692"},{"taxonomy":"product_tag","embeddable":true,"href":"https:\/\/megastock.com.pl\/index.php?rest_route=%2Fwp%2Fv2%2Fproduct_tag&post=692"}],"curies":[{"name":"wp","href":"https:\/\/api.w.org\/{rel}","templated":true}]}}