{"id":653,"date":"2023-09-20T13:58:58","date_gmt":"2023-09-20T11:58:58","guid":{"rendered":"http:\/\/megastock.com.pl\/?post_type=product&#038;p=653"},"modified":"2024-10-22T16:38:40","modified_gmt":"2024-10-22T14:38:40","slug":"markowe-okulary-premium-hurtownia-outlet-swiatowe-marek","status":"publish","type":"product","link":"https:\/\/megastock.com.pl\/?product=markowe-okulary-premium-hurtownia-outlet-swiatowe-marek","title":{"rendered":"markowe okulary premium hurtownia outlet \u015bwiatowe marek"},"content":{"rendered":"<p>Zajmujemy si\u0119 hurtow\u0105 dystrybucj\u0105 oryginalnej odzie\u017cy cenionych producent\u00f3w. Oferujemy markow\u0105 odzie\u017c obuwie okulary zegarki art.domowe art.sportowe. damsk\u0105 i m\u0119sk\u0105 zar\u00f3wno z aktualnych kolekcji, jak r\u00f3wnie\u017c z tzw. ko\u0144c\u00f3wek serii, stok\u00f3w magazynowych, outlet\u00f3w. Zapewniamy naszym klientom wysok\u0105 jako\u015b\u0107 oferowanych produkt\u00f3w oraz cz\u0119ste, cykliczne dostawy. Najwi\u0119kszym wyr\u00f3\u017cnikiem jest jednak bardzo atrakcyjna cena.90% ni\u017csza ni\u017c sklepowe Pozwala to naszym klientom, czyli finalnym sprzedawcom, na maksymalizacj\u0119 swoich zysk\u00f3w posiadamy firma tak jak.Adidas.Arnette.Baldessarini.Boss.BossOrange.Burberry.CK Calvin Klein.Carrera.D&amp;G.DKNY.Diesel.Dolce &amp; Gabbana.Dsquared.Emporio Armani.Esprit.Fendi.Furla.George.Gina &amp; Lucy.Hogan.Jil Sander.John Galliano .Just Cavalli.Lacoste.Marc Jacobs.Marc O Polo.Max Mara.Michael Kors.Nike.Oakley.Persol.Polaroid.Polaroid Kids.Polaroid Sports.Prada.Prada Sport.Pucci.Puma.Ralph.RalphLauren.Ray-Ban.Ray-Ban Junior.Roberto Cavalli.S.T. Dupont.Safilo.Sean John.TRUSSARDI.Timberland.Tom Ford.Tommy Hilfiger.Valentino.Versace.Vogue cena hurtowa towar s\u0105 A-B WARE MINIMUM 50-300.szt cena podane za szt netto<\/p>\n<p>ABC WARE<\/p>\n","protected":false},"excerpt":{"rendered":"<div class=\"offerTitleBox\">\n<div class=\"titleWrp\">\n<h1 class=\"offerTitle\"><strong class=\"entry-title\"><span class=\"isUrgentTitle\">markowe okulary premium hurtownia outlet \u015bwiatowe marek<\/span><\/strong><\/h1>\n<\/div>\n<\/div>\n<p>&nbsp;<\/p>\n<p>#cwaretextil<\/p>\n<p>#bwaretextil<\/p>\n<p>#secondhandtextil<\/p>\n<p>#cwareobuwie<\/p>\n<p>#bwareobuwie<\/p>\n<p>#cwarebuty<\/p>\n<p>#bwarebuty<\/p>\n<p>#markowetorebki<\/p>\n<p>#markowezegarek<\/p>\n<p>#markoweaaksesoria<\/p>\n<p>#markowe<\/p>\n<p>#outletowa<\/p>\n<p>#stok<\/p>\n<p>#stock<\/p>\n<p>#hurtownia<\/p>\n","protected":false},"featured_media":654,"comment_status":"open","ping_status":"closed","template":"","meta":{"rank_math_lock_modified_date":false},"product_cat":[28],"product_tag":[41],"class_list":{"0":"post-653","1":"product","2":"type-product","3":"status-publish","4":"has-post-thumbnail","6":"product_cat-okulary","7":"product_tag-markowe-okulary-premium-hurtownia-outlet-swiatowe-marek","9":"first","10":"instock","11":"sale","12":"shipping-taxable","13":"purchasable","14":"product-type-simple"},"jetpack_sharing_enabled":true,"_links":{"self":[{"href":"https:\/\/megastock.com.pl\/index.php?rest_route=\/wp\/v2\/product\/653","targetHints":{"allow":["GET"]}}],"collection":[{"href":"https:\/\/megastock.com.pl\/index.php?rest_route=\/wp\/v2\/product"}],"about":[{"href":"https:\/\/megastock.com.pl\/index.php?rest_route=\/wp\/v2\/types\/product"}],"replies":[{"embeddable":true,"href":"https:\/\/megastock.com.pl\/index.php?rest_route=%2Fwp%2Fv2%2Fcomments&post=653"}],"wp:featuredmedia":[{"embeddable":true,"href":"https:\/\/megastock.com.pl\/index.php?rest_route=\/wp\/v2\/media\/654"}],"wp:attachment":[{"href":"https:\/\/megastock.com.pl\/index.php?rest_route=%2Fwp%2Fv2%2Fmedia&parent=653"}],"wp:term":[{"taxonomy":"product_cat","embeddable":true,"href":"https:\/\/megastock.com.pl\/index.php?rest_route=%2Fwp%2Fv2%2Fproduct_cat&post=653"},{"taxonomy":"product_tag","embeddable":true,"href":"https:\/\/megastock.com.pl\/index.php?rest_route=%2Fwp%2Fv2%2Fproduct_tag&post=653"}],"curies":[{"name":"wp","href":"https:\/\/api.w.org\/{rel}","templated":true}]}}