{"id":880,"date":"2026-04-15T14:50:12","date_gmt":"2026-04-15T12:50:12","guid":{"rendered":"http:\/\/megastock.com.pl\/?post_type=product&#038;p=880"},"modified":"2026-04-13T15:42:28","modified_gmt":"2026-04-13T13:42:28","slug":"hurt-obuwie-markowe-buty-abc-oryginalne-adidas-nike-filapuma-guess-armani-aldo-itd","status":"publish","type":"product","link":"http:\/\/megastock.com.pl\/?product=hurt-obuwie-markowe-buty-abc-oryginalne-adidas-nike-filapuma-guess-armani-aldo-itd","title":{"rendered":"Hurt OBUWIE markowe Buty ABC oryginalne adidas nike fila,puma guess armani aldo itd"},"content":{"rendered":"<h2 class=\"h5\">Hurt OBUWIE markowe Buty ABC oryginalne adidas nike fila,puma guess armani aldo itd &#8211; opis<\/h2>\n<p>Zwroty klient\u00f3w z obecnego sezonu (30\u2013dniowe);<br \/>\nodzie\u017c mo\u017ce posiada\u0107 znaczne \u015blady u\u017cytkowania lub widoczne defekty u\u017cywane nie kt\u00f3re podarty<br \/>\nok. 80% tylko markowe taki jak adidas versace nike new balans tommy hilfonger guess puma pinko bugatti dr martens timberland itd<\/p>\n<p>buty s\u0105 original opakowane mo\u017cliwe 10-20% szary opakowane<br \/>\nzr\u00f3wnowa\u017cona Rozmiarka;<br \/>\ndost\u0119pna tylko na ca\u0142e palety;<\/p>\n<p>minimum 1 paleta<br \/>\ncena netto<br \/>\nModele z obecnego lub poprzedniego sezonu.<br \/>\nObuwie zapakowane jest w oryginalne lub zast\u0119pcze kartony i mo\u017ce posiada\u0107 \u015blady u\u017cytkowania lub defekty tj.p\u0119kni\u0119cia na siatce, odklejaj\u0105ca si\u0119 podeszwa, przybrudzenia, zepsuty zamek, przetarcia, itp. Cz\u0119\u015b\u0107 obuwia mo\u017ce by\u0107 nowa.<br \/>\nW sk\u0142ad pakietu wchodzi 100% oryginalne obuwie, kt\u00f3re nie jest dzielone ze wzgl\u0119du na sezonowo\u015b\u0107. Mog\u0105 wyst\u0105pi\u0107 modele zar\u00f3wno zimowe, jak i letnie.<br \/>\nNajlepsze marki wybrane do palecie<br \/>\ntylko hurtowa sprzeda\u017c<br \/>\nsprzedawane towar nie podlega gwarancja lub zwrot<br \/>\nnie posiadamy \u017cadne specyfikacje lub parking list<\/p>\n<p>cena za par 64 z\u0142 netto<\/p>\n<p>&nbsp;<\/p>\n","protected":false},"excerpt":{"rendered":"<p>obuwie premium marki outletowa<\/p>\n<p>&nbsp;<\/p>\n<p>cena za par 58 z\u0142 netto<\/p>\n<p>136 par s\u0105 paleta cena netto 7888<\/p>\n<p>#cwaretextil<\/p>\n<p>#bwaretextil<\/p>\n<p>#secondhandtextil<\/p>\n<p>#cwareobuwie<\/p>\n<p>#bwareobuwie<\/p>\n<p>#cwarebuty<\/p>\n<p>#bwarebuty<\/p>\n<p>#markowetorebki<\/p>\n<p>#markowezegarek<\/p>\n<p>#markoweaaksesoria<\/p>\n<p>#markowe<\/p>\n<p>#outletowa<\/p>\n<p>#stok<\/p>\n<p>#stock<\/p>\n<p>#hurtownia<\/p>\n","protected":false},"featured_media":881,"comment_status":"open","ping_status":"closed","template":"","meta":{"rank_math_lock_modified_date":false},"product_cat":[17],"product_tag":[40,47],"class_list":{"0":"post-880","1":"product","2":"type-product","3":"status-publish","4":"has-post-thumbnail","6":"product_cat-obuwie","7":"product_tag-markowe-obuwie-swiatowe-marki-c-ware-tylko-marki-premium","8":"product_tag-shoes-obuwie-apavi-buty-hurtownia-outlet-stock","10":"first","11":"instock","12":"sale","13":"shipping-taxable","14":"purchasable","15":"product-type-simple"},"jetpack_sharing_enabled":true,"_links":{"self":[{"href":"http:\/\/megastock.com.pl\/index.php?rest_route=\/wp\/v2\/product\/880","targetHints":{"allow":["GET"]}}],"collection":[{"href":"http:\/\/megastock.com.pl\/index.php?rest_route=\/wp\/v2\/product"}],"about":[{"href":"http:\/\/megastock.com.pl\/index.php?rest_route=\/wp\/v2\/types\/product"}],"replies":[{"embeddable":true,"href":"http:\/\/megastock.com.pl\/index.php?rest_route=%2Fwp%2Fv2%2Fcomments&post=880"}],"wp:featuredmedia":[{"embeddable":true,"href":"http:\/\/megastock.com.pl\/index.php?rest_route=\/wp\/v2\/media\/881"}],"wp:attachment":[{"href":"http:\/\/megastock.com.pl\/index.php?rest_route=%2Fwp%2Fv2%2Fmedia&parent=880"}],"wp:term":[{"taxonomy":"product_cat","embeddable":true,"href":"http:\/\/megastock.com.pl\/index.php?rest_route=%2Fwp%2Fv2%2Fproduct_cat&post=880"},{"taxonomy":"product_tag","embeddable":true,"href":"http:\/\/megastock.com.pl\/index.php?rest_route=%2Fwp%2Fv2%2Fproduct_tag&post=880"}],"curies":[{"name":"wp","href":"https:\/\/api.w.org\/{rel}","templated":true}]}}