{"id":849,"date":"2024-10-15T14:15:27","date_gmt":"2024-10-15T12:15:27","guid":{"rendered":"http:\/\/megastock.com.pl\/?post_type=product&#038;p=849"},"modified":"2026-04-13T16:01:31","modified_gmt":"2026-04-13T14:01:31","slug":"odziez-second-hand-zara-berskha-hm-tommy-boss-mkors-espirit","status":"publish","type":"product","link":"http:\/\/megastock.com.pl\/?product=odziez-second-hand-zara-berskha-hm-tommy-boss-mkors-espirit","title":{"rendered":"Odzie\u017c second hand zara berskha H&#038;M tommy boss Mkors espirit"},"content":{"rendered":"<h2 class=\"h5\">Odzie\u017c second hand zara berskha H&amp;M tommy boss Mkors espirit &#8211; opis<\/h2>\n<p>W ofercie second hand znanych marek z niemieckiego .Marki kt\u00f3re si\u0119 trafiaj\u0105: Guess, Lagerfeld, Michael Kors, Anna field, Pier one, Weiss, Miss selfridge, Little Mistress, Young Couture, Even&amp;Odd, Hilfiger, levis, Vero moda, Only, Ralph Lauren, Marc o&#8217;polo, Kiomi, Nike, adidaa, roxy, reebok etc.<br \/>\nTowar czysty, bez dziur czy przebarwie\u0144.<br \/>\nBardzo dobre i dobre marki.<br \/>\nDominuj\u0105 ubrania damskie.<\/p>\n<p>MINIMUM!!! PALETA MNIEJ NIZ PALETA NIE SPRZEDAJEMY<\/p>\n<p>Palety 200-250 kg (istnieje mo\u017cliwo\u015b\u0107 wybrania palety<\/p>\n<p>tylko hurtowa sprzeda\u017c<\/p>\n","protected":false},"excerpt":{"rendered":"<p>Odzie\u017c second hand zara berskha H&amp;M tommy boss Mkors espirit<\/p>\n<p>#secondhandodziez<\/p>\n<p>#premiummarkiodziez<\/p>\n<p>#premiummarkitextil<\/p>\n<p>#cwaretextil<\/p>\n<p>#bwaretextil<\/p>\n<p>#secondhandtextil<\/p>\n<p>#cwareobuwie<\/p>\n<p>#bwareobuwie<\/p>\n<p>#cwarebuty<\/p>\n<p>#bwarebuty<\/p>\n<p>#markowetorebki<\/p>\n<p>#markowezegarek<\/p>\n<p>#markoweaaksesoria<\/p>\n<p>#markowe<\/p>\n<p>#outletowa<\/p>\n<p>#stok<\/p>\n<p>#stock<\/p>\n<p>#hurtownia<\/p>\n<p><strong>MINIMUM ZAMOWENIA 1 PALETA 170-180 KG podane cena netto za kg\u00a0<\/strong><\/p>\n","protected":false},"featured_media":953,"comment_status":"open","ping_status":"closed","template":"","meta":{"rank_math_lock_modified_date":false},"product_cat":[34],"product_tag":[45],"class_list":{"0":"post-849","1":"product","2":"type-product","3":"status-publish","4":"has-post-thumbnail","6":"product_cat-odziez","7":"product_tag-secounhand-uzywaneubrania-hurtownia","9":"first","10":"instock","11":"sale","12":"shipping-taxable","13":"purchasable","14":"product-type-simple"},"jetpack_sharing_enabled":true,"_links":{"self":[{"href":"http:\/\/megastock.com.pl\/index.php?rest_route=\/wp\/v2\/product\/849","targetHints":{"allow":["GET"]}}],"collection":[{"href":"http:\/\/megastock.com.pl\/index.php?rest_route=\/wp\/v2\/product"}],"about":[{"href":"http:\/\/megastock.com.pl\/index.php?rest_route=\/wp\/v2\/types\/product"}],"replies":[{"embeddable":true,"href":"http:\/\/megastock.com.pl\/index.php?rest_route=%2Fwp%2Fv2%2Fcomments&post=849"}],"wp:featuredmedia":[{"embeddable":true,"href":"http:\/\/megastock.com.pl\/index.php?rest_route=\/wp\/v2\/media\/953"}],"wp:attachment":[{"href":"http:\/\/megastock.com.pl\/index.php?rest_route=%2Fwp%2Fv2%2Fmedia&parent=849"}],"wp:term":[{"taxonomy":"product_cat","embeddable":true,"href":"http:\/\/megastock.com.pl\/index.php?rest_route=%2Fwp%2Fv2%2Fproduct_cat&post=849"},{"taxonomy":"product_tag","embeddable":true,"href":"http:\/\/megastock.com.pl\/index.php?rest_route=%2Fwp%2Fv2%2Fproduct_tag&post=849"}],"curies":[{"name":"wp","href":"https:\/\/api.w.org\/{rel}","templated":true}]}}