{"id":797,"date":"2023-11-07T10:17:50","date_gmt":"2023-11-07T09:17:50","guid":{"rendered":"http:\/\/megastock.com.pl\/?post_type=product&#038;p=797"},"modified":"2024-10-22T16:36:14","modified_gmt":"2024-10-22T14:36:14","slug":"c-ware-zegarek-swiatowe-marki","status":"publish","type":"product","link":"http:\/\/megastock.com.pl\/?product=c-ware-zegarek-swiatowe-marki","title":{"rendered":"C WARE ZEGAREK SWIATOWE MARKI"},"content":{"rendered":"<div class=\"x1e56ztr\" data-block=\"true\" data-editor=\"4idf1\" data-offset-key=\"9r2c8-0-0\">\n<div class=\"_1mf _1mj\" data-offset-key=\"9r2c8-0-0\"><span data-offset-key=\"9r2c8-0-0\">!! C WARE ZEGAREK PAKIET SA 50 SZT <\/span><span data-offset-key=\"9r2c8-1-0\">minimum<\/span><\/div>\n<\/div>\n<div class=\"x1e56ztr\" data-block=\"true\" data-editor=\"4idf1\" data-offset-key=\"2e76n-0-0\">\n<div class=\"_1mf _1mj\" data-offset-key=\"2e76n-0-0\"><span data-offset-key=\"2e76n-0-0\">!! POWYSTAWOWE &amp; UZYWANE &amp; DEFEKT<\/span><\/div>\n<\/div>\n<div class=\"x1e56ztr\" data-block=\"true\" data-editor=\"4idf1\" data-offset-key=\"abcqu-0-0\">\n<div class=\"_1mf _1mj\" data-offset-key=\"abcqu-0-0\"><span data-offset-key=\"abcqu-0-0\">!! ZADNE GWARANCJA NIE DAJEMY<\/span><\/div>\n<\/div>\n<div class=\"x1e56ztr\" data-block=\"true\" data-editor=\"4idf1\" data-offset-key=\"dht4r-0-0\">\n<div class=\"_1mf _1mj\" data-offset-key=\"dht4r-0-0\"><span data-offset-key=\"dht4r-0-0\">cena za szt 50 z\u0142 netto nie posiadamy specyfykacje lub paking list. towar.<\/span><\/div>\n<div data-offset-key=\"dht4r-0-0\">mo\u017cliwe ze nie posiada\u0107 swoje opakowania<\/div>\n<div data-offset-key=\"dht4r-0-0\">!!!TOWAR NIE PODLEGA ZWROT!!!<\/div>\n<\/div>\n","protected":false},"excerpt":{"rendered":"<p>C WARE ZEGAREK<\/p>\n<p>POWYSTAWOWE UZYWANE LUB DEFEKT<\/p>\n<p>minimum 50 szt ca\u0142o\u015b\u0107 pakiet netto 3.000 z\u0142 kosztuje<\/p>\n<p>&nbsp;<\/p>\n<p>cena 2500 z\u0142 netto<\/p>\n<p>&nbsp;<\/p>\n<p>#cwaretextil<\/p>\n<p>#bwaretextil<\/p>\n<p>#secondhandtextil<\/p>\n<p>#cwareobuwie<\/p>\n<p>#bwareobuwie<\/p>\n<p>#cwarebuty<\/p>\n<p>#bwarebuty<\/p>\n<p>#markowetorebki<\/p>\n<p>#markowezegarek<\/p>\n<p>#markoweaaksesoria<\/p>\n<p>#markowe<\/p>\n<p>#outletowa<\/p>\n<p>#stok<\/p>\n<p>#stock<\/p>\n<p>#hurtownia<\/p>\n","protected":false},"featured_media":798,"comment_status":"open","ping_status":"closed","template":"","meta":{"rank_math_lock_modified_date":false},"product_cat":[25],"product_tag":[51,39],"class_list":{"0":"post-797","1":"product","2":"type-product","3":"status-publish","4":"has-post-thumbnail","6":"product_cat-zegarek","7":"product_tag-armaniguessmichaelkorstommyhilfinger","8":"product_tag-markowe-okulary-zegarki-bizuteria-premium-hurtownia-outlet","10":"first","11":"instock","12":"sale","13":"shipping-taxable","14":"purchasable","15":"product-type-simple"},"jetpack_sharing_enabled":true,"_links":{"self":[{"href":"http:\/\/megastock.com.pl\/index.php?rest_route=\/wp\/v2\/product\/797","targetHints":{"allow":["GET"]}}],"collection":[{"href":"http:\/\/megastock.com.pl\/index.php?rest_route=\/wp\/v2\/product"}],"about":[{"href":"http:\/\/megastock.com.pl\/index.php?rest_route=\/wp\/v2\/types\/product"}],"replies":[{"embeddable":true,"href":"http:\/\/megastock.com.pl\/index.php?rest_route=%2Fwp%2Fv2%2Fcomments&post=797"}],"wp:featuredmedia":[{"embeddable":true,"href":"http:\/\/megastock.com.pl\/index.php?rest_route=\/wp\/v2\/media\/798"}],"wp:attachment":[{"href":"http:\/\/megastock.com.pl\/index.php?rest_route=%2Fwp%2Fv2%2Fmedia&parent=797"}],"wp:term":[{"taxonomy":"product_cat","embeddable":true,"href":"http:\/\/megastock.com.pl\/index.php?rest_route=%2Fwp%2Fv2%2Fproduct_cat&post=797"},{"taxonomy":"product_tag","embeddable":true,"href":"http:\/\/megastock.com.pl\/index.php?rest_route=%2Fwp%2Fv2%2Fproduct_tag&post=797"}],"curies":[{"name":"wp","href":"https:\/\/api.w.org\/{rel}","templated":true}]}}