{"id":794,"date":"2023-10-23T10:38:40","date_gmt":"2023-10-23T08:38:40","guid":{"rendered":"http:\/\/megastock.com.pl\/?post_type=product&#038;p=794"},"modified":"2026-04-02T00:26:52","modified_gmt":"2026-04-01T22:26:52","slug":"markowe-okulary-zegarki-bizuteria-premium-hurtownia-outlet-2","status":"publish","type":"product","link":"http:\/\/megastock.com.pl\/?product=markowe-okulary-zegarki-bizuteria-premium-hurtownia-outlet-2","title":{"rendered":"markowe okulary zegarki bizuteria premium hurtownia outlet"},"content":{"rendered":"<p>markowe okulary bi\u017cuteria zegarki WITAM. Zajmujemy si\u0119 hurtow\u0105 dystrybucj\u0105 oryginalnej odzie\u017cy cenionych producent\u00f3w. Oferujemy markow\u0105 odzie\u017c obuwie okulary zegarki art.domowe art.sportowe. damsk\u0105 i m\u0119sk\u0105 zar\u00f3wno z aktualnych kolekcji, jak r\u00f3wnie\u017c z tzw. ko\u0144c\u00f3wek serii, stok\u00f3w magazynowych, outlet\u00f3w. Zapewniamy naszym klientom wysok\u0105 jako\u015b\u0107 oferowanych produkt\u00f3w oraz cz\u0119ste, cykliczne dostawy. Najwi\u0119kszym wyr\u00f3\u017cnikiem jest jednak bardzo atrakcyjna cena.90% ni\u017csza ni\u017c sklepowe Pozwala to naszym klientom, czyli finalnym sprzedawcom, na maksymalizacj\u0119 swoich zysk\u00f3w posiadamy firma tak jak.Adidas.Arnette.Baldessarini.Boss.BossOrange.Burberry.CK Calvin Klein.Carrera.D&amp;G.DKNY.Diesel.Dolce &amp; Gabbana.Dsquared.Emporio Armani.Esprit.Fendi.Furla.George.Gina &amp; Lucy.Hogan.Jil Sander.John Galliano .Just Cavalli.Lacoste.Marc Jacobs.Marc O Polo.Max Mara.Michael Kors.Nike.Oakley.Persol.Polaroid.Polaroid Kids.Polaroid Sports.Prada.Prada Sport.Pucci.Puma.Ralph.RalphLauren.Ray-Ban.Ray-Ban Junior.Roberto Cavalli.S.T. Dupont.Safilo.Sean John.TRUSSARDI.Timberland.Tom Ford.Tommy Hilfiger.Valentino.Versace.Vogue itd oko\u0142o 800-900 marki Zegarki, bi\u017cuteria oraz okulary premium pochodz\u0105ce bezpo\u015brednio z jednej z najwi\u0119kszych platform eCommerce w Europie. Bie\u017c\u0105ce modele z sezonu 2022-2023 w kat. A-B-C. NOWY POWYSTAWOWE Produkty posiadaj\u0105 defekty lub widoczne \u015blady u\u017cytkowania.<\/p>\n<p>CENA NETTO ZA SZT Pakiet \u015brednio zawiera: Okulary \u2013 ok. 450-500 szt. , Zegarki \u2013 ok. 1500-1800szt. , Bi\u017cuteria \u2013 ok.1000-1200 ca\u0142o\u015b\u0107 pakiet 3293 szt. cena za szt 39 z\u0142 netto<\/p>\n<p>MINIMU. 1 PALETA CALOSC PALET 3293 SZT PODANE CENA ZA SZT NETTO<\/p>\n<p>&nbsp;<\/p>\n","protected":false},"excerpt":{"rendered":"<p>PALETA ZEGAREK OKULARY BIZUTERIA PREMIUM MARKI SWIATOWE MARKI ABC WARE \u00a0WARTOSC TOWAR OKOLO 1.500.000 ZL<\/p>\n<p>cena netto 45.000 z\u0142 netto<\/p>\n<p>#cwaretextil<\/p>\n<p>#bwaretextil<\/p>\n<p>#secondhandtextil<\/p>\n<p>#cwareobuwie<\/p>\n<p>#bwareobuwie<\/p>\n<p>#cwarebuty<\/p>\n<p>#bwarebuty<\/p>\n<p>#markowetorebki<\/p>\n<p>#markowezegarek<\/p>\n<p>#markoweaaksesoria<\/p>\n<p>#markowe<\/p>\n<p>#outletowa<\/p>\n<p>#stok<\/p>\n<p>#stock<\/p>\n<p>#hurtownia<\/p>\n","protected":false},"featured_media":634,"comment_status":"open","ping_status":"closed","template":"","meta":{"rank_math_lock_modified_date":false},"product_cat":[35,28,25],"product_tag":[],"class_list":{"0":"post-794","1":"product","2":"type-product","3":"status-publish","4":"has-post-thumbnail","6":"product_cat-akcesoria","7":"product_cat-okulary","8":"product_cat-zegarek","10":"first","11":"instock","12":"sale","13":"shipping-taxable","14":"purchasable","15":"product-type-simple"},"jetpack_sharing_enabled":true,"_links":{"self":[{"href":"http:\/\/megastock.com.pl\/index.php?rest_route=\/wp\/v2\/product\/794","targetHints":{"allow":["GET"]}}],"collection":[{"href":"http:\/\/megastock.com.pl\/index.php?rest_route=\/wp\/v2\/product"}],"about":[{"href":"http:\/\/megastock.com.pl\/index.php?rest_route=\/wp\/v2\/types\/product"}],"replies":[{"embeddable":true,"href":"http:\/\/megastock.com.pl\/index.php?rest_route=%2Fwp%2Fv2%2Fcomments&post=794"}],"wp:featuredmedia":[{"embeddable":true,"href":"http:\/\/megastock.com.pl\/index.php?rest_route=\/wp\/v2\/media\/634"}],"wp:attachment":[{"href":"http:\/\/megastock.com.pl\/index.php?rest_route=%2Fwp%2Fv2%2Fmedia&parent=794"}],"wp:term":[{"taxonomy":"product_cat","embeddable":true,"href":"http:\/\/megastock.com.pl\/index.php?rest_route=%2Fwp%2Fv2%2Fproduct_cat&post=794"},{"taxonomy":"product_tag","embeddable":true,"href":"http:\/\/megastock.com.pl\/index.php?rest_route=%2Fwp%2Fv2%2Fproduct_tag&post=794"}],"curies":[{"name":"wp","href":"https:\/\/api.w.org\/{rel}","templated":true}]}}