{"id":711,"date":"2023-09-20T15:04:02","date_gmt":"2023-09-20T13:04:02","guid":{"rendered":"http:\/\/megastock.com.pl\/?post_type=product&#038;p=711"},"modified":"2026-04-13T15:46:24","modified_gmt":"2026-04-13T13:46:24","slug":"mix-paleta-dekoracja-b-c-ware","status":"publish","type":"product","link":"http:\/\/megastock.com.pl\/?product=mix-paleta-dekoracja-b-c-ware","title":{"rendered":"MIX PALETA DEKORACJA B-C WARE"},"content":{"rendered":"<p><strong>artyku\u0142y gospodarstwa domowego, w kategorii jako\u015bciowej B-C, pochodz\u0105ce bezpo\u015brednio z jednej z najwi\u0119kszych platformy eCommerce.<\/strong><\/p>\n<p>&nbsp;<\/p>\n<p><strong>Modele z bie\u017c\u0105cych i poprzednich sezon\u00f3w.<\/strong><\/p>\n<p><strong>Produkty posiadaj\u0105 widoczne defekty (uszkodzenia, pop\u0119kania, zbicia, \u015blady u\u017cytkowania, przybrudzenia) lub mog\u0105 by\u0107 niekompletne.<\/strong><\/p>\n<p><strong>W palecie mog\u0105 znajdowa\u0107 si\u0119: bombki \u015bwi\u0105teczne,st\u00f3l, \u00a0po\u015bciele, koce, poduszki, dywany, r\u0119czniki, kosze na \u015bmieci, zabawki, parasolki, ramki na zdj\u0119cia, zegary, \u015bwiece, ozdoby, szk\u0142o, garnki, sztu\u0107ce, zabawki, krzes\u0142a ogrodowe, walizki, itp.<\/strong><\/p>\n<p>minimum 1 paleta od 30-200 szt podane cena netto<\/p>\n<p>&nbsp;<\/p>\n","protected":false},"excerpt":{"rendered":"<p><strong>artyku\u0142y gospodarstwa domowego, w kategorii jako\u015bciowej C, pochodz\u0105ce bezpo\u015brednio z jednej z najwi\u0119kszych platformy eCommerce.<\/strong><\/p>\n<p>minimum 1 paleta cena za szt netto<\/p>\n<p>&nbsp;<\/p>\n<p>cena za szt 38 z\u0142<\/p>\n<p>#cwaretextil<\/p>\n<p>#bwaretextil<\/p>\n<p>#secondhandtextil<\/p>\n<p>#cwareobuwie<\/p>\n<p>#bwareobuwie<\/p>\n<p>#cwarebuty<\/p>\n<p>#bwarebuty<\/p>\n<p>#markowetorebki<\/p>\n<p>#markowezegarek<\/p>\n<p>#markoweaaksesoria<\/p>\n<p>#markowe<\/p>\n<p>#outletowa<\/p>\n<p>#stok<\/p>\n<p>#stock<\/p>\n<p>#hurtownia<\/p>\n","protected":false},"featured_media":722,"comment_status":"open","ping_status":"closed","template":"","meta":{"rank_math_lock_modified_date":false},"product_cat":[36],"product_tag":[49],"class_list":{"0":"post-711","1":"product","2":"type-product","3":"status-publish","4":"has-post-thumbnail","6":"product_cat-dom","7":"product_tag-home-dekoracja-westing-domowe-hurtownia","9":"first","10":"instock","11":"sale","12":"shipping-taxable","13":"purchasable","14":"product-type-simple"},"jetpack_sharing_enabled":true,"_links":{"self":[{"href":"http:\/\/megastock.com.pl\/index.php?rest_route=\/wp\/v2\/product\/711","targetHints":{"allow":["GET"]}}],"collection":[{"href":"http:\/\/megastock.com.pl\/index.php?rest_route=\/wp\/v2\/product"}],"about":[{"href":"http:\/\/megastock.com.pl\/index.php?rest_route=\/wp\/v2\/types\/product"}],"replies":[{"embeddable":true,"href":"http:\/\/megastock.com.pl\/index.php?rest_route=%2Fwp%2Fv2%2Fcomments&post=711"}],"wp:featuredmedia":[{"embeddable":true,"href":"http:\/\/megastock.com.pl\/index.php?rest_route=\/wp\/v2\/media\/722"}],"wp:attachment":[{"href":"http:\/\/megastock.com.pl\/index.php?rest_route=%2Fwp%2Fv2%2Fmedia&parent=711"}],"wp:term":[{"taxonomy":"product_cat","embeddable":true,"href":"http:\/\/megastock.com.pl\/index.php?rest_route=%2Fwp%2Fv2%2Fproduct_cat&post=711"},{"taxonomy":"product_tag","embeddable":true,"href":"http:\/\/megastock.com.pl\/index.php?rest_route=%2Fwp%2Fv2%2Fproduct_tag&post=711"}],"curies":[{"name":"wp","href":"https:\/\/api.w.org\/{rel}","templated":true}]}}