{"id":705,"date":"2026-04-20T14:55:29","date_gmt":"2026-04-20T12:55:29","guid":{"rendered":"http:\/\/megastock.com.pl\/?post_type=product&#038;p=705"},"modified":"2026-04-13T15:52:44","modified_gmt":"2026-04-13T13:52:44","slug":"pakiety-marek-premium-obuwie-tommy-hilgifer-armani-versace","status":"publish","type":"product","link":"http:\/\/megastock.com.pl\/?product=pakiety-marek-premium-obuwie-tommy-hilgifer-armani-versace","title":{"rendered":"pakiety Marek Premium obuwie tommy hilgifer armani versace"},"content":{"rendered":"<p>Obuwie-kategoria A-B-C-<\/p>\n<p>cena 42 z\u0142 za kg netto<\/p>\n<p>okola 70-80 %sportowe i trendowe buty sa bez pudelka powystawowy i uzywane defekt Mix damsko-m\u0119ski z przewag\u0105 damskiego. W pakiecie mo\u017cna u\u017cywa\u0107 pojedynczych sztuk odzie\u017cy dzieci\u0119cej. Pakiet zawiera r\u00f3\u017cne marki, bie\u017c\u0105ce kolekcje, pakiety pakowane po okolicy 230-240 Kg. Ca\u0142oroczne z przewag\u0105 jesie\u0144-zima. Bie\u017c\u0105ce model z sezonu 2021-2023. Zlady u\u017cytkowania deflady u\u017cycie lub defekty. hurt buty hurtownia obuwie outletowe obuwie sportowe i mix sanda\u0142y kozaki p\u00f3\u0142buty itd mix buty uzywane obuwie cena netto<\/p>\n<p>minimum 1 paleta 200-240 kg podane cena ZA KG netto<\/p>\n","protected":false},"excerpt":{"rendered":"<h1 class=\"offerTitle\"><strong class=\"entry-title\"><span class=\"isUrgentTitle\">pakiety Marek Premium obuwie folia tommy hilgifer armani versacemix marki<\/span><\/strong><\/h1>\n<p>&nbsp;<\/p>\n<p><strong>cena za kg minimum paleta 220-250 kg<\/strong><\/p>\n<p>&nbsp;<\/p>\n<p>cena za kg 42 z\u0142 netto<\/p>\n<p>&nbsp;<\/p>\n<p>#cwaretextil<\/p>\n<p>#bwaretextil<\/p>\n<p>#secondhandtextil<\/p>\n<p>#cwareobuwie<\/p>\n<p>#bwareobuwie<\/p>\n<p>#cwarebuty<\/p>\n<p>#bwarebuty<\/p>\n<p>#markowetorebki<\/p>\n<p>#markowezegarek<\/p>\n<p>#markoweaaksesoria<\/p>\n<p>#markowe<\/p>\n<p>#outletowa<\/p>\n<p>#stok<\/p>\n<p>#stock<\/p>\n<p>#hurtownia<\/p>\n","protected":false},"featured_media":937,"comment_status":"open","ping_status":"closed","template":"","meta":{"rank_math_lock_modified_date":false},"product_cat":[17],"product_tag":[48,38],"class_list":{"0":"post-705","1":"product","2":"type-product","3":"status-publish","4":"has-post-thumbnail","6":"product_cat-obuwie","7":"product_tag-secounhandobuwie-uzywaneobuwie-obuwiesportowe-obuwiemix","8":"product_tag-stockoutletsalehurtowniamarkoweubrania","10":"first","11":"instock","12":"sale","13":"shipping-taxable","14":"purchasable","15":"product-type-simple"},"jetpack_sharing_enabled":true,"_links":{"self":[{"href":"http:\/\/megastock.com.pl\/index.php?rest_route=\/wp\/v2\/product\/705","targetHints":{"allow":["GET"]}}],"collection":[{"href":"http:\/\/megastock.com.pl\/index.php?rest_route=\/wp\/v2\/product"}],"about":[{"href":"http:\/\/megastock.com.pl\/index.php?rest_route=\/wp\/v2\/types\/product"}],"replies":[{"embeddable":true,"href":"http:\/\/megastock.com.pl\/index.php?rest_route=%2Fwp%2Fv2%2Fcomments&post=705"}],"wp:featuredmedia":[{"embeddable":true,"href":"http:\/\/megastock.com.pl\/index.php?rest_route=\/wp\/v2\/media\/937"}],"wp:attachment":[{"href":"http:\/\/megastock.com.pl\/index.php?rest_route=%2Fwp%2Fv2%2Fmedia&parent=705"}],"wp:term":[{"taxonomy":"product_cat","embeddable":true,"href":"http:\/\/megastock.com.pl\/index.php?rest_route=%2Fwp%2Fv2%2Fproduct_cat&post=705"},{"taxonomy":"product_tag","embeddable":true,"href":"http:\/\/megastock.com.pl\/index.php?rest_route=%2Fwp%2Fv2%2Fproduct_tag&post=705"}],"curies":[{"name":"wp","href":"https:\/\/api.w.org\/{rel}","templated":true}]}}