{"id":699,"date":"2026-04-20T14:44:39","date_gmt":"2026-04-20T12:44:39","guid":{"rendered":"http:\/\/megastock.com.pl\/?post_type=product&#038;p=699"},"modified":"2026-04-13T15:44:13","modified_gmt":"2026-04-13T13:44:13","slug":"hurt-obuwie-markowe-buty-premium-oryginal-nike-adidas-puma-a-ware","status":"publish","type":"product","link":"http:\/\/megastock.com.pl\/?product=hurt-obuwie-markowe-buty-premium-oryginal-nike-adidas-puma-a-ware","title":{"rendered":"Hurt OBUWIE markowe Buty premium oryginal nike adidas puma A- ware"},"content":{"rendered":"<header class=\"dialog-header\">\n<h3 class=\"dialog-title\">A ware obuwie:<\/h3>\n<h3 class=\"dialog-title\">Nasza firma dzia\u0142a na rynku od 2012 roku. Zajmujemy si\u0119 hurtow\u0105 sprzeda\u017c\u0105 obuwia outletowego najbardziej znanych i cenionych firm takich jak Adidas, Aldo, Andrea Conti, Amndrea Morelli, Anna Field, Ash, asics, Bally, Belmondo, Betsy, Birkenstock, Boss, Boxfresh, Bronx, British Knights, Bruno Banani, Buffalo, Bugatti, Bullboxer, Cafenoir, Calvin Clein, Camper, Caprice, Clarks, Converse, Coolway, Desigual, Diesel, dkny, Dockers, Dr. Martens, Ecco, Eden, El Naturalista, Escada, Esprit, Even&amp;Odd, Fly London, g-star, Gabor, Gant, Gaudi, Geox, Gola, Guess, Hi-Tec, Hub, Jana, Jeffrey Campbell, Jonak, Kiomi, kmb, Lacoste, Lamica, Lauren Ralph Lauren, Lazamani, le coq sportif, Liebeskind, lilimill, Lipsy, lk Benett, Mai Piu Senza, Marc OPolo, Marco Tozzi, Melvin &amp; Hamilton, Menbur, Michael Kors, Missoni, Mjus, Moma, Mustang, Napapijri, New Balance, Nike, Noe, Panama Jack, Pastelle, Pepe Jeans, Pier One, Peter Kaiser, Puma, Ravel, Reebok, Reflexan, Replay, Rieker, s.Oliver, Sam Edelman, Shoot, Skechers, Sorel, spm, Steve Madden, Tamaris, Taupage, Ted Baker, Timberland, Tom Tailor, Tommy, Hilfiger, ugg, Unisa, Vagabond, Vans, Victoria Delef, xti, Yellow Cab, Zign itd.. Nasza oferta skierowana jest zar\u00f3wno do hurtownik\u00f3w jak i do os\u00f3b prowadz\u0105cych w\u0142asne sklepiki, outlety itd. Dok\u0142adamy wszelkich stara\u0144, aby jak najlepiej dostosowa\u0107 si\u0119 do najnowszych trend\u00f3w modowych. Zapewniamy naszym klientom wysok\u0105 jako\u015b\u0107 oferowanych produkt\u00f3w oraz cz\u0119st\u0105 i cykliczn\u0105 wymian\u0119 towaru.<\/h3>\n<h3><\/h3>\n<h3 class=\"dialog-title\">\u00a0minimum1 paleta 140 par. podane cena netto<\/h3>\n<\/header>\n<section id=\"offerDetailsAdditional\" class=\"offerDetailsAdditional\">\n<div class=\"desktopAdWrp placement placement-offer-sidebar-middle\">\n<div class=\"desktopAd\">\n<p>&nbsp;<\/p>\n<div id=\"spr-plcmnt-details_sidebar_middle\" data-google-query-id=\"CLLihefUuIEDFf_aOwIdAY4BNA\"><\/div>\n<p>&nbsp;<\/p>\n<\/div>\n<\/div>\n<\/section>\n","protected":false},"excerpt":{"rendered":"<p>Hurt OBUWIE markowe Buty premium oryginal nike adidas puma A-B ware<\/p>\n<p>cena podane za para<\/p>\n<p>MINIMUM 130-156 PAR<\/p>\n<p>PODANE CENA NETTO<\/p>\n<p>&nbsp;<\/p>\n<p>90 z\u0142 za par<\/p>\n<p>&nbsp;<\/p>\n<p>#cwaretextil<\/p>\n<p>#bwaretextil<\/p>\n<p>#secondhandtextil<\/p>\n<p>#cwareobuwie<\/p>\n<p>#bwareobuwie<\/p>\n<p>#cwarebuty<\/p>\n<p>#bwarebuty<\/p>\n<p>#markowetorebki<\/p>\n<p>#markowezegarek<\/p>\n<p>#markoweaaksesoria<\/p>\n<p>#markowe<\/p>\n<p>#outletowa<\/p>\n<p>#stok<\/p>\n<p>#stock<\/p>\n<p>#hurtownia<\/p>\n","protected":false},"featured_media":700,"comment_status":"open","ping_status":"closed","template":"","meta":{"rank_math_lock_modified_date":false},"product_cat":[17],"product_tag":[37,47,38],"class_list":{"0":"post-699","1":"product","2":"type-product","3":"status-publish","4":"has-post-thumbnail","6":"product_cat-obuwie","7":"product_tag-outletmarkowehurtowniaswiatwowemarki","8":"product_tag-shoes-obuwie-apavi-buty-hurtownia-outlet-stock","9":"product_tag-stockoutletsalehurtowniamarkoweubrania","11":"first","12":"instock","13":"sale","14":"shipping-taxable","15":"purchasable","16":"product-type-simple"},"jetpack_sharing_enabled":true,"_links":{"self":[{"href":"http:\/\/megastock.com.pl\/index.php?rest_route=\/wp\/v2\/product\/699","targetHints":{"allow":["GET"]}}],"collection":[{"href":"http:\/\/megastock.com.pl\/index.php?rest_route=\/wp\/v2\/product"}],"about":[{"href":"http:\/\/megastock.com.pl\/index.php?rest_route=\/wp\/v2\/types\/product"}],"replies":[{"embeddable":true,"href":"http:\/\/megastock.com.pl\/index.php?rest_route=%2Fwp%2Fv2%2Fcomments&post=699"}],"wp:featuredmedia":[{"embeddable":true,"href":"http:\/\/megastock.com.pl\/index.php?rest_route=\/wp\/v2\/media\/700"}],"wp:attachment":[{"href":"http:\/\/megastock.com.pl\/index.php?rest_route=%2Fwp%2Fv2%2Fmedia&parent=699"}],"wp:term":[{"taxonomy":"product_cat","embeddable":true,"href":"http:\/\/megastock.com.pl\/index.php?rest_route=%2Fwp%2Fv2%2Fproduct_cat&post=699"},{"taxonomy":"product_tag","embeddable":true,"href":"http:\/\/megastock.com.pl\/index.php?rest_route=%2Fwp%2Fv2%2Fproduct_tag&post=699"}],"curies":[{"name":"wp","href":"https:\/\/api.w.org\/{rel}","templated":true}]}}