{"id":681,"date":"2023-09-20T14:20:47","date_gmt":"2023-09-20T12:20:47","guid":{"rendered":"http:\/\/megastock.com.pl\/?post_type=product&#038;p=681"},"modified":"2025-01-10T17:02:37","modified_gmt":"2025-01-10T16:02:37","slug":"odziez-second-hand-zara-berskha-hm-tommy-boss-michael-kors","status":"publish","type":"product","link":"http:\/\/megastock.com.pl\/?product=odziez-second-hand-zara-berskha-hm-tommy-boss-michael-kors","title":{"rendered":"Odzie\u017c second hand zara berskha H&#038;M tommy boss Michael kors"},"content":{"rendered":"<p>ofercie second hand znanych marek z niemieckiego .Marki kt\u00f3re si\u0119 trafiaj\u0105: zaraz h&amp;m pull beaar Bershka Guess, Lagerfeld, Michael Kors, Anna field, Pier one, Weiss, Miss selfridge, Little Mistress, Young Couture, Even&amp;Odd, Hilfiger, levis, Vero moda, Only, Ralph Lauren, Marc o&#8217;polo, Kiomi, Nike, adidaa, roxy, reebok etc. Towar czysty, bez dziur czy przebarwie\u0144. Bardzo dobre i dobre marki. Dominuj\u0105 ubrania damskie. MINIMUM!!! PALETA MNIEJ NIZ PALETA NIE SPRZEDAJEMY Palety 200-250 kg (istnieje mo\u017cliwo\u015b\u0107 wybrania palety.<\/p>\n<p>podane cena netto<\/p>\n","protected":false},"excerpt":{"rendered":"<p>Odzie\u017c second hand zara berskha H&amp;M tommy boss Michael kors<\/p>\n<p>#cwaretextil<\/p>\n<p>#bwaretextil<\/p>\n<p>#secondhandtextil<\/p>\n<p>#cwareobuwie<\/p>\n<p>#bwareobuwie<\/p>\n<p>#cwarebuty<\/p>\n<p>#bwarebuty<\/p>\n<p>#markowetorebki<\/p>\n<p>#markowezegarek<\/p>\n<p>#markoweaaksesoria<\/p>\n<p>#markowe<\/p>\n<p>#outletowa<\/p>\n<p>#stok<\/p>\n<p>#stock<\/p>\n<p>#hurtownia<\/p>\n","protected":false},"featured_media":682,"comment_status":"open","ping_status":"closed","template":"","meta":{"rank_math_lock_modified_date":false},"product_cat":[34],"product_tag":[37,45,38],"class_list":{"0":"post-681","1":"product","2":"type-product","3":"status-publish","4":"has-post-thumbnail","6":"product_cat-odziez","7":"product_tag-outletmarkowehurtowniaswiatwowemarki","8":"product_tag-secounhand-uzywaneubrania-hurtownia","9":"product_tag-stockoutletsalehurtowniamarkoweubrania","11":"first","12":"instock","13":"sale","14":"shipping-taxable","15":"purchasable","16":"product-type-simple"},"jetpack_sharing_enabled":true,"_links":{"self":[{"href":"http:\/\/megastock.com.pl\/index.php?rest_route=\/wp\/v2\/product\/681","targetHints":{"allow":["GET"]}}],"collection":[{"href":"http:\/\/megastock.com.pl\/index.php?rest_route=\/wp\/v2\/product"}],"about":[{"href":"http:\/\/megastock.com.pl\/index.php?rest_route=\/wp\/v2\/types\/product"}],"replies":[{"embeddable":true,"href":"http:\/\/megastock.com.pl\/index.php?rest_route=%2Fwp%2Fv2%2Fcomments&post=681"}],"wp:featuredmedia":[{"embeddable":true,"href":"http:\/\/megastock.com.pl\/index.php?rest_route=\/wp\/v2\/media\/682"}],"wp:attachment":[{"href":"http:\/\/megastock.com.pl\/index.php?rest_route=%2Fwp%2Fv2%2Fmedia&parent=681"}],"wp:term":[{"taxonomy":"product_cat","embeddable":true,"href":"http:\/\/megastock.com.pl\/index.php?rest_route=%2Fwp%2Fv2%2Fproduct_cat&post=681"},{"taxonomy":"product_tag","embeddable":true,"href":"http:\/\/megastock.com.pl\/index.php?rest_route=%2Fwp%2Fv2%2Fproduct_tag&post=681"}],"curies":[{"name":"wp","href":"https:\/\/api.w.org\/{rel}","templated":true}]}}