{"id":642,"date":"2023-09-20T13:10:22","date_gmt":"2023-09-20T11:10:22","guid":{"rendered":"http:\/\/megastock.com.pl\/?post_type=product&#038;p=642"},"modified":"2026-01-26T15:18:58","modified_gmt":"2026-01-26T14:18:58","slug":"markowe-obuwie-swiatowe-marki-c-ware-tylko-marki-premium","status":"publish","type":"product","link":"http:\/\/megastock.com.pl\/?product=markowe-obuwie-swiatowe-marki-c-ware-tylko-marki-premium","title":{"rendered":"markowe obuwie \u015bwiatowe marki C ware tylko marki premium"},"content":{"rendered":"<p>Zwroty klient\u00f3w z obecnego sezonu (30\u2013dniowe);<\/p>\n<p>&nbsp;<\/p>\n<p>64 ZL ZA PARA NETTO !!<\/p>\n<p>obuwie mo\u017ce posiada\u0107 znaczne \u015blady u\u017cytkowania lub widoczne defekty u\u017cywane nie kt\u00f3re podarty ok. 80% tylko markowe taki jak adidas versace nike new balans tommy hilfonger guess puma pinko bugatti dr martens timberland itd buty s\u0105 original opakowane mo\u017cliwe 10-20% szary opakowane zr\u00f3wnowa\u017cona Rozmiarka; dost\u0119pna tylko na ca\u0142e palety; minimum 1 paleta -paleta okola 135-170 par<\/p>\n","protected":false},"excerpt":{"rendered":"<p>markowe obuwie \u015bwiatowe marki C ware tylko marki premium<\/p>\n<p>cena netto 64 ZL ZA PARA NETTO<\/p>\n","protected":false},"featured_media":643,"comment_status":"open","ping_status":"closed","template":"","meta":{"rank_math_lock_modified_date":false},"product_cat":[17],"product_tag":[40,37,38],"class_list":{"0":"post-642","1":"product","2":"type-product","3":"status-publish","4":"has-post-thumbnail","6":"product_cat-obuwie","7":"product_tag-markowe-obuwie-swiatowe-marki-c-ware-tylko-marki-premium","8":"product_tag-outletmarkowehurtowniaswiatwowemarki","9":"product_tag-stockoutletsalehurtowniamarkoweubrania","11":"first","12":"instock","13":"sale","14":"shipping-taxable","15":"purchasable","16":"product-type-simple"},"jetpack_sharing_enabled":true,"_links":{"self":[{"href":"http:\/\/megastock.com.pl\/index.php?rest_route=\/wp\/v2\/product\/642","targetHints":{"allow":["GET"]}}],"collection":[{"href":"http:\/\/megastock.com.pl\/index.php?rest_route=\/wp\/v2\/product"}],"about":[{"href":"http:\/\/megastock.com.pl\/index.php?rest_route=\/wp\/v2\/types\/product"}],"replies":[{"embeddable":true,"href":"http:\/\/megastock.com.pl\/index.php?rest_route=%2Fwp%2Fv2%2Fcomments&post=642"}],"wp:featuredmedia":[{"embeddable":true,"href":"http:\/\/megastock.com.pl\/index.php?rest_route=\/wp\/v2\/media\/643"}],"wp:attachment":[{"href":"http:\/\/megastock.com.pl\/index.php?rest_route=%2Fwp%2Fv2%2Fmedia&parent=642"}],"wp:term":[{"taxonomy":"product_cat","embeddable":true,"href":"http:\/\/megastock.com.pl\/index.php?rest_route=%2Fwp%2Fv2%2Fproduct_cat&post=642"},{"taxonomy":"product_tag","embeddable":true,"href":"http:\/\/megastock.com.pl\/index.php?rest_route=%2Fwp%2Fv2%2Fproduct_tag&post=642"}],"curies":[{"name":"wp","href":"https:\/\/api.w.org\/{rel}","templated":true}]}}