{"id":640,"date":"2023-09-20T12:41:43","date_gmt":"2023-09-20T10:41:43","guid":{"rendered":"http:\/\/megastock.com.pl\/?post_type=product&#038;p=640"},"modified":"2024-10-22T16:39:16","modified_gmt":"2024-10-22T14:39:16","slug":"640","status":"publish","type":"product","link":"http:\/\/megastock.com.pl\/?product=640","title":{"rendered":"PAKET markowe okulary zegarki bizuteria premium hurtownia outlet"},"content":{"rendered":"<p>CENA NETTO ZA SZT Pakiet \u015brednio zawiera: Okulary \u2013 ok. 50szt. , Zegarki \u2013 ok. 50szt. , Bi\u017cuteria \u2013 ok.100 ca\u0142o\u015b\u0107 pakiet 200szt. cena za szt 75 z\u0142 netto markowe okulary bi\u017cuteria zegarki<\/p>\n<p>&nbsp;<\/p>\n<p>ABC WARE NOWY POWYSTAWOWE UZYWANE<\/p>\n<p>&nbsp;<\/p>\n<p>podane cena netto<\/p>\n<p>#cwaretextil<\/p>\n<p>#bwaretextil<\/p>\n<p>#secondhandtextil<\/p>\n<p>#cwareobuwie<\/p>\n<p>#bwareobuwie<\/p>\n<p>#cwarebuty<\/p>\n<p>#bwarebuty<\/p>\n<p>#markowetorebki<\/p>\n<p>#markowezegarek<\/p>\n<p>#markoweaaksesoria<\/p>\n<p>#markowe<\/p>\n<p>#outletowa<\/p>\n<p>#stok<\/p>\n<p>#stock<\/p>\n<p>#hurtownia<\/p>\n<p>&nbsp;<\/p>\n","protected":false},"excerpt":{"rendered":"<p><strong>PAKET<\/strong>:\u00a0<strong class=\"entry-title\"><span class=\"isUrgentTitle\">markowe okulary zegarki bizuteria premium hurtownia outlet<\/span><\/strong><\/p>\n","protected":false},"featured_media":635,"comment_status":"open","ping_status":"closed","template":"","meta":{"rank_math_lock_modified_date":false},"product_cat":[25],"product_tag":[39,37,38],"class_list":{"0":"post-640","1":"product","2":"type-product","3":"status-publish","4":"has-post-thumbnail","6":"product_cat-zegarek","7":"product_tag-markowe-okulary-zegarki-bizuteria-premium-hurtownia-outlet","8":"product_tag-outletmarkowehurtowniaswiatwowemarki","9":"product_tag-stockoutletsalehurtowniamarkoweubrania","11":"first","12":"instock","13":"sale","14":"shipping-taxable","15":"purchasable","16":"product-type-simple"},"jetpack_sharing_enabled":true,"_links":{"self":[{"href":"http:\/\/megastock.com.pl\/index.php?rest_route=\/wp\/v2\/product\/640","targetHints":{"allow":["GET"]}}],"collection":[{"href":"http:\/\/megastock.com.pl\/index.php?rest_route=\/wp\/v2\/product"}],"about":[{"href":"http:\/\/megastock.com.pl\/index.php?rest_route=\/wp\/v2\/types\/product"}],"replies":[{"embeddable":true,"href":"http:\/\/megastock.com.pl\/index.php?rest_route=%2Fwp%2Fv2%2Fcomments&post=640"}],"wp:featuredmedia":[{"embeddable":true,"href":"http:\/\/megastock.com.pl\/index.php?rest_route=\/wp\/v2\/media\/635"}],"wp:attachment":[{"href":"http:\/\/megastock.com.pl\/index.php?rest_route=%2Fwp%2Fv2%2Fmedia&parent=640"}],"wp:term":[{"taxonomy":"product_cat","embeddable":true,"href":"http:\/\/megastock.com.pl\/index.php?rest_route=%2Fwp%2Fv2%2Fproduct_cat&post=640"},{"taxonomy":"product_tag","embeddable":true,"href":"http:\/\/megastock.com.pl\/index.php?rest_route=%2Fwp%2Fv2%2Fproduct_tag&post=640"}],"curies":[{"name":"wp","href":"https:\/\/api.w.org\/{rel}","templated":true}]}}