{"id":617,"date":"2023-09-20T12:21:00","date_gmt":"2023-09-20T10:21:00","guid":{"rendered":"http:\/\/megastock.com.pl\/?post_type=product&#038;p=617"},"modified":"2025-05-26T14:39:51","modified_gmt":"2025-05-26T12:39:51","slug":"hurt-odziezy-premium-marki-a-ware-swiatowe-marki","status":"publish","type":"product","link":"http:\/\/megastock.com.pl\/?product=hurt-odziezy-premium-marki-a-ware-swiatowe-marki","title":{"rendered":"Hurt odzie\u017cy premium, marki A WARE \u015bwiatowe marki"},"content":{"rendered":"<p>Hurtownia odzie\u017cy zajmuje si\u0119 sprzeda\u017c\u0105 markowych ubra\u0144, znanych \u015bwiatowych brand\u00f3w i koncern\u00f3w m.in mam do zaoferowania pakiety wsp\u00f3\u0142pracujemy z Amazonia wielu inny znany firma jestesmy bezposrednikiem A ware wszystko nowe z metka du\u017co premium. Bardzo fajne pakiety. Cena podana za kg. Pakiety 200-220kg. Mix m\u0119sko damski najbardziej popularne rozmiary. Zapraszam na inne moje aukcje Hurtownia odzie\u017cy zajmuje si\u0119 sprzeda\u017c\u0105 markowych ubra\u0144, znanych \u015bwiatowych brand\u00f3w i koncern\u00f3w m.in : Missguided, Guess, Nike, Armani, lacoste, Tommy Hilfiger, COS, PrettyLittleThing, Zara, Adidas, Ralph Lauren. itp. Hurtownia odzie\u017cy damskiej, m\u0119skiej jak i dzieci\u0119cej. 90 Z\u0141 ZA KG MINIMUM PALETA<\/p>\n","protected":false},"excerpt":{"rendered":"<p>PALETA A WARE TEXTIL MINIMUM 1 PALETA 200-240 KG<\/p>\n<p>18.000 z\u0142 netto<\/p>\n<p>cena za kg 90 z\u0142 netto<\/p>\n<p><strong>MINIMUM ZAMOWENIA 1 PALETA 200-220 KG podane cena netto za kg\u00a0<\/strong><\/p>\n","protected":false},"featured_media":618,"comment_status":"open","ping_status":"closed","template":"","meta":{"rank_math_lock_modified_date":false},"product_cat":[34],"product_tag":[37,38],"class_list":{"0":"post-617","1":"product","2":"type-product","3":"status-publish","4":"has-post-thumbnail","6":"product_cat-odziez","7":"product_tag-outletmarkowehurtowniaswiatwowemarki","8":"product_tag-stockoutletsalehurtowniamarkoweubrania","10":"first","11":"instock","12":"sale","13":"shipping-taxable","14":"purchasable","15":"product-type-simple"},"jetpack_sharing_enabled":true,"_links":{"self":[{"href":"http:\/\/megastock.com.pl\/index.php?rest_route=\/wp\/v2\/product\/617","targetHints":{"allow":["GET"]}}],"collection":[{"href":"http:\/\/megastock.com.pl\/index.php?rest_route=\/wp\/v2\/product"}],"about":[{"href":"http:\/\/megastock.com.pl\/index.php?rest_route=\/wp\/v2\/types\/product"}],"replies":[{"embeddable":true,"href":"http:\/\/megastock.com.pl\/index.php?rest_route=%2Fwp%2Fv2%2Fcomments&post=617"}],"wp:featuredmedia":[{"embeddable":true,"href":"http:\/\/megastock.com.pl\/index.php?rest_route=\/wp\/v2\/media\/618"}],"wp:attachment":[{"href":"http:\/\/megastock.com.pl\/index.php?rest_route=%2Fwp%2Fv2%2Fmedia&parent=617"}],"wp:term":[{"taxonomy":"product_cat","embeddable":true,"href":"http:\/\/megastock.com.pl\/index.php?rest_route=%2Fwp%2Fv2%2Fproduct_cat&post=617"},{"taxonomy":"product_tag","embeddable":true,"href":"http:\/\/megastock.com.pl\/index.php?rest_route=%2Fwp%2Fv2%2Fproduct_tag&post=617"}],"curies":[{"name":"wp","href":"https:\/\/api.w.org\/{rel}","templated":true}]}}