{"id":607,"date":"2023-09-20T10:22:48","date_gmt":"2023-09-20T08:22:48","guid":{"rendered":"http:\/\/megastock.com.pl\/?post_type=product&#038;p=607"},"modified":"2024-10-15T14:44:48","modified_gmt":"2024-10-15T12:44:48","slug":"markowa-galanteria-i-dodatki-stok-outlet","status":"publish","type":"product","link":"http:\/\/megastock.com.pl\/?product=markowa-galanteria-i-dodatki-stok-outlet","title":{"rendered":"Markowa galanteria i dodatki stok outlet"},"content":{"rendered":"<h1 class=\"offerTitle\"><strong class=\"entry-title\"><span class=\"isUrgentTitle\">Markowa galanteria i dodatki stok outlet:<\/span><\/strong><\/h1>\n<p>&nbsp;<\/p>\n","protected":false},"excerpt":{"rendered":"<p>ABC WARE<\/p>\n<p>Zajmujemy si\u0119 bezpo\u015brednim importem towar\u00f3w z Niemiec \u00a0oraz ich dystrybucj\u0105 na terenie ca\u0142ego kraju. Nasza oferta koncentruje si\u0119 w szczeg\u00f3lno\u015bci na wybranych liniach produkt\u00f3w: \u2022 skarpety \u2022 czapki \u2022 Portfele \u2022 Paski \u2022 Saszetki \u2022 szaliki \u2022 idt Dzi\u0119ki sprawnej sieci naszych agent\u00f3w handlowych zar\u00f3wno w Polsce naj\u015bmielsze oczekiwania naszych klient\u00f3w. Gwarantujemy rzetelno\u015b\u0107, solidno\u015b\u0107 i terminowo\u015b\u0107 w realizacji zam\u00f3wie\u0144, a tak\u017ce elastyczno\u015b\u0107 w dostosowaniu naszej oferty do indywidualnych potrzeb. minimum 1 paleta \u00a01300-1700 \u00a0szt s\u0105 cena netto<\/p>\n<p>23.250 z\u0142 netto<\/p>\n<p>za szt 15,5 z\u0142 netto<\/p>\n","protected":false},"featured_media":610,"comment_status":"open","ping_status":"closed","template":"","meta":{"rank_math_lock_modified_date":false},"product_cat":[35],"product_tag":[37],"class_list":{"0":"post-607","1":"product","2":"type-product","3":"status-publish","4":"has-post-thumbnail","6":"product_cat-akcesoria","7":"product_tag-outletmarkowehurtowniaswiatwowemarki","9":"first","10":"instock","11":"sale","12":"shipping-taxable","13":"purchasable","14":"product-type-simple"},"jetpack_sharing_enabled":true,"_links":{"self":[{"href":"http:\/\/megastock.com.pl\/index.php?rest_route=\/wp\/v2\/product\/607","targetHints":{"allow":["GET"]}}],"collection":[{"href":"http:\/\/megastock.com.pl\/index.php?rest_route=\/wp\/v2\/product"}],"about":[{"href":"http:\/\/megastock.com.pl\/index.php?rest_route=\/wp\/v2\/types\/product"}],"replies":[{"embeddable":true,"href":"http:\/\/megastock.com.pl\/index.php?rest_route=%2Fwp%2Fv2%2Fcomments&post=607"}],"wp:featuredmedia":[{"embeddable":true,"href":"http:\/\/megastock.com.pl\/index.php?rest_route=\/wp\/v2\/media\/610"}],"wp:attachment":[{"href":"http:\/\/megastock.com.pl\/index.php?rest_route=%2Fwp%2Fv2%2Fmedia&parent=607"}],"wp:term":[{"taxonomy":"product_cat","embeddable":true,"href":"http:\/\/megastock.com.pl\/index.php?rest_route=%2Fwp%2Fv2%2Fproduct_cat&post=607"},{"taxonomy":"product_tag","embeddable":true,"href":"http:\/\/megastock.com.pl\/index.php?rest_route=%2Fwp%2Fv2%2Fproduct_tag&post=607"}],"curies":[{"name":"wp","href":"https:\/\/api.w.org\/{rel}","templated":true}]}}