{"id":594,"date":"2026-04-20T09:23:13","date_gmt":"2026-04-20T07:23:13","guid":{"rendered":"http:\/\/megastock.com.pl\/?post_type=product&#038;p=594"},"modified":"2026-04-13T15:55:39","modified_gmt":"2026-04-13T13:55:39","slug":"c-ware-odziez-swiatowe-marki-premium-modele-2021-2023-guess-michael-kors","status":"publish","type":"product","link":"http:\/\/megastock.com.pl\/?product=c-ware-odziez-swiatowe-marki-premium-modele-2021-2023-guess-michael-kors","title":{"rendered":"C ware odzie\u017c \u015bwiatowe marki premium modele 2021-2023 guess Michael kors"},"content":{"rendered":"<div class=\"offerDescription\"><\/div>\n<div class=\"offerDescription\">!!!!! minimum 1 paleta -palet waze okola 200-250 kg<\/div>\n<div class=\"offerDescription\">A-B-C ware nowe uzywane defekt Hurtownia odzie\u017cy outlet \/ importer Oferujemy do sprzedazy markowa odzie\u017c damska, wykonana z wysokogatunkowych materialow, najnowsze trendy modowe, nowe swietnie skrojone kolekcje damskie zapraszamy do wspolpracy butiki ,sklepy outlet ,sklepy wyprzedazowe hurtownia markowej odzie\u017cy outlet , stock odzie\u017cy , importer odzie\u017cy outlet ko\u0144c\u00f3wki kolekcji marki jak.m.kors.tommy hilfinger.guess.armani jeans.adidas.nike.levis.superdry.maskara.leona.esprit.s.oliver.itd 74 z\u0142 za kg Kolor bia\u0142y czarny br\u0105zowy\/be\u017cowy czerwony fioletowy niebieski zielony pomara\u0144czowy \u017c\u00f3\u0142ty\/z\u0142oty r\u00f3\u017cowy szary\/srebrny kolorowy !!!!!! minimum 1 paleta -palet waze okola 200-250 kg<\/div>\n<div>podane cena netto<\/div>\n<div class=\"addtional-parameters-box\"><strong>MINIMUM ZAMOWENIA 1 PALETA 170-180 KG podane cena netto za kg\u00a0<\/strong><\/div>\n","protected":false},"excerpt":{"rendered":"<div class=\"offerDescription\">\n<div class=\"offerDescription\">!!!!!! minimum 1 paleta -palet waze okola 180-250 kg A-B-C ware nowe uzywane defekt Hurtownia odzie\u017cy outlet<\/div>\n<div>cena za kg 74 z\u0142 netto za kg minimum 180-250 kg<\/div>\n<\/div>\n<div><\/div>\n<div><\/div>\n<div><\/div>\n<div><\/div>\n<div><\/div>\n<div class=\"offerDescription\"><\/div>\n<div class=\"addtional-parameters-box\"><\/div>\n","protected":false},"featured_media":598,"comment_status":"open","ping_status":"closed","template":"","meta":{"rank_math_lock_modified_date":false},"product_cat":[34],"product_tag":[37,38],"class_list":{"0":"post-594","1":"product","2":"type-product","3":"status-publish","4":"has-post-thumbnail","6":"product_cat-odziez","7":"product_tag-outletmarkowehurtowniaswiatwowemarki","8":"product_tag-stockoutletsalehurtowniamarkoweubrania","10":"first","11":"instock","12":"sale","13":"shipping-taxable","14":"purchasable","15":"product-type-simple"},"jetpack_sharing_enabled":true,"_links":{"self":[{"href":"http:\/\/megastock.com.pl\/index.php?rest_route=\/wp\/v2\/product\/594","targetHints":{"allow":["GET"]}}],"collection":[{"href":"http:\/\/megastock.com.pl\/index.php?rest_route=\/wp\/v2\/product"}],"about":[{"href":"http:\/\/megastock.com.pl\/index.php?rest_route=\/wp\/v2\/types\/product"}],"replies":[{"embeddable":true,"href":"http:\/\/megastock.com.pl\/index.php?rest_route=%2Fwp%2Fv2%2Fcomments&post=594"}],"wp:featuredmedia":[{"embeddable":true,"href":"http:\/\/megastock.com.pl\/index.php?rest_route=\/wp\/v2\/media\/598"}],"wp:attachment":[{"href":"http:\/\/megastock.com.pl\/index.php?rest_route=%2Fwp%2Fv2%2Fmedia&parent=594"}],"wp:term":[{"taxonomy":"product_cat","embeddable":true,"href":"http:\/\/megastock.com.pl\/index.php?rest_route=%2Fwp%2Fv2%2Fproduct_cat&post=594"},{"taxonomy":"product_tag","embeddable":true,"href":"http:\/\/megastock.com.pl\/index.php?rest_route=%2Fwp%2Fv2%2Fproduct_tag&post=594"}],"curies":[{"name":"wp","href":"https:\/\/api.w.org\/{rel}","templated":true}]}}